{"id":334,"date":"2016-05-24T22:37:50","date_gmt":"2016-05-24T22:37:50","guid":{"rendered":"https:\/\/cheerup.theme-sphere.com\/rovella\/?page_id=334"},"modified":"2022-10-13T16:10:35","modified_gmt":"2022-10-13T19:10:35","slug":"about-shane","status":"publish","type":"page","link":"https:\/\/somos.grupometropol.com.ar\/?page_id=334","title":{"rendered":"Grupo Metropol"},"content":{"rendered":"<p>[vc_row][vc_column][vc_single_image image=&#8221;1184&#8243; img_size=&#8221;full&#8221;][\/vc_column][\/vc_row][vc_row][vc_column][vc_column_text single_style=&#8221;&#8221;]<\/p>\n<h2><strong><span style=\"color: #114395;\">El Grupo Metropol es un grupo empresario de origen nacional que act\u00faa en cuatro \u00e1reas de negocio: Transporte P\u00fablico de Pasajeros, Automotriz, Agro y Fintech. Tiene operaciones en el \u00c1rea Metropolitana de Buenos Aires, en la regi\u00f3n de Cuyo y en el Litoral del pa\u00eds.\u00a0\u00a0<\/span><\/strong><\/h2>\n<p>[\/vc_column_text][vc_column_text single_style=&#8221;&#8221;]<span style=\"font-weight: 400;\">Cada una de las compa\u00f1\u00edas que lo integran, cuyos directores son Javier y Eduardo Zbikoski, tiene sus propios objetivos y estrategias, pero todas comparten sus pilares y valores: Respeto de las personas \u2013 Empresa que Trasciende.<\/span>[\/vc_column_text][vc_column_text single_style=&#8221;&#8221;]<\/p>\n<h3><span style=\"color: #114395;\">Metropol es una empresa de Transporte P\u00fablico de Pasajeros insignia del Grupo, que se destaca no solo por su liderazgo en el mercado, sino por su experiencia en gerenciamiento y managment. Emplea a m\u00e1s 4300 personas, dispone de 22 bases operativas y mas de 1400 unidades que transportan a 240 millones de pasajeros por a\u00f1o.<\/span><\/h3>\n<p>[\/vc_column_text][vc_column_text single_style=&#8221;&#8221;]<span style=\"font-weight: 400;\">TM S.A. es la sociedad que representa al \u00e1rea automotriz. Con 25 a\u00f1os de trayectoria en el mercado, TM S.A. es concesionario oficial de Toyota en Misiones y se posicion\u00f3 como una de las empresas m\u00e1s importantes del rubro.\u00a0\u00a0<\/span><\/p>\n<p><span style=\"font-weight: 400;\">QNUTS, el nueva \u00e1rea de negocio del Grupo Metropol, es un polo exportador de frutos secos (nueces Chandler), situado en el Valle del Uco, Mendoza. La empresa cuenta con una planta de despelonado y secado propia y un sistea de riego de ultima tecnolog\u00eda.<\/span><\/p>\n<p><strong>Buscamos ser protagonistas y transformar los sectores en los que operamos.<\/strong>[\/vc_column_text][\/vc_column][\/vc_row][vc_row][vc_column][vc_separator][\/vc_column][\/vc_row][vc_row][vc_column width=&#8221;1\/2&#8243;][vc_column_text single_style=&#8221;&#8221;]<\/p>\n<h5><strong>VISI\u00d3N<\/strong><\/h5>\n<p><span style=\"font-weight: 400;\">Desarrollar un grupo empresario reconocido en los mercados por la pr\u00e1ctica de sus valores y por su capacidad de gesti\u00f3n y transformaci\u00f3n positiva de los negocios.<\/span>[\/vc_column_text][\/vc_column][vc_column width=&#8221;1\/2&#8243;][vc_column_text single_style=&#8221;&#8221;]<\/p>\n<h5><strong>MISI\u00d3N<\/strong><\/h5>\n<p><span style=\"font-weight: 400;\">Desarrollar negocios que trasciendan en el tiempo. Promover el desarrollo de la familia propietaria, la empresa y las personas.<\/span>[\/vc_column_text][\/vc_column][\/vc_row][vc_row][vc_column][vc_separator][\/vc_column][\/vc_row][vc_row][vc_column][vc_column_text single_style=&#8221;&#8221;]<\/p>\n<h4 style=\"text-align: left;\"><span style=\"font-weight: 400;\"><img loading=\"lazy\" decoding=\"async\" class=\"alignleft wp-image-1306 \" src=\"https:\/\/somos.grupometropol.com.ar\/nuevo\/wp-content\/uploads\/2022\/07\/hermanos-Zbikoski-editorial-1.jpg\" alt=\"\" width=\"566\" height=\"406\" srcset=\"https:\/\/somos.grupometropol.com.ar\/wp-content\/uploads\/2022\/07\/hermanos-Zbikoski-editorial-1.jpg 1000w, https:\/\/somos.grupometropol.com.ar\/wp-content\/uploads\/2022\/07\/hermanos-Zbikoski-editorial-1-300x215.jpg 300w, https:\/\/somos.grupometropol.com.ar\/wp-content\/uploads\/2022\/07\/hermanos-Zbikoski-editorial-1-768x551.jpg 768w, https:\/\/somos.grupometropol.com.ar\/wp-content\/uploads\/2022\/07\/hermanos-Zbikoski-editorial-1-175x125.jpg 175w, https:\/\/somos.grupometropol.com.ar\/wp-content\/uploads\/2022\/07\/hermanos-Zbikoski-editorial-1-450x323.jpg 450w\" sizes=\"auto, (max-width: 566px) 100vw, 566px\" \/><b><\/b><\/span><\/h4>\n<h6 style=\"text-align: right;\"><cite><span style=\"color: #808080;\">EDITORIAL | DICIEMBRE 2021<\/span><\/cite><\/h6>\n<h4 style=\"text-align: left;\"><span style=\"font-weight: 400;\"><span style=\"color: #114395;\"><b>\u00a1Feliz 2022 para todos!<\/b><\/span><\/span><\/h4>\n<h4 style=\"text-align: left;\"><span style=\"font-weight: 400;\"><b><\/b><span style=\"color: #114395;\">2021 fue un a\u00f1o en el que logramos todos los objetivos que nos planteamos y seguimos transform\u00e1ndonos. Queremos aprovechar esta ocasi\u00f3n para agradecerles por todo el compromiso, el esfuerzo y la pasi\u00f3n que depositan en su trabajo.<\/span><\/span><\/h4>\n<p><span style=\"font-weight: 400;\">Contamos con ustedes para alcanzar los nuevos desaf\u00edos que nos depara 2022, continuar transform\u00e1ndonos y construir una compa\u00f1\u00eda de la que nos sintamos orgullosos.<\/span><\/p>\n<p><b>Les deseamos unas felices fiestas junto a sus familias y que tengan un pr\u00f3spero a\u00f1o nuevo.<\/b><\/p>\n<p><strong>Eduardo Zbikoski<\/strong> <span style=\"font-weight: 400;\">Director Grupo Metropol<\/span><br \/>\n<strong>Javier Zbikoski<\/strong> <span style=\"font-weight: 400;\">Director Grupo Metropol<\/span>[\/vc_column_text][vc_column_text single_style=&#8221;&#8221;][\/vc_column_text][\/vc_column][\/vc_row]<\/p>\n","protected":false},"excerpt":{"rendered":"<p>[vc_row][vc_column][vc_single_image image=&#8221;1184&#8243; img_size=&#8221;full&#8221;][\/vc_column][\/vc_row][vc_row][vc_column][vc_column_text single_style=&#8221;&#8221;] El Grupo Metropol es un grupo empresario de origen nacional que act\u00faa en cuatro \u00e1reas de negocio: Transporte P\u00fablico de Pasajeros, Automotriz, Agro y Fintech. Tiene operaciones en el \u00c1rea Metropolitana de Buenos Aires, en la regi\u00f3n de Cuyo y en el Litoral del pa\u00eds.\u00a0\u00a0 [\/vc_column_text][vc_column_text single_style=&#8221;&#8221;]Cada una de las compa\u00f1\u00edas <\/p>\n","protected":false},"author":1,"featured_media":0,"parent":0,"menu_order":0,"comment_status":"closed","ping_status":"closed","template":"page-blocks.php","meta":{"footnotes":""},"class_list":["post-334","page","type-page","status-publish"],"_links":{"self":[{"href":"https:\/\/somos.grupometropol.com.ar\/index.php?rest_route=\/wp\/v2\/pages\/334","targetHints":{"allow":["GET"]}}],"collection":[{"href":"https:\/\/somos.grupometropol.com.ar\/index.php?rest_route=\/wp\/v2\/pages"}],"about":[{"href":"https:\/\/somos.grupometropol.com.ar\/index.php?rest_route=\/wp\/v2\/types\/page"}],"author":[{"embeddable":true,"href":"https:\/\/somos.grupometropol.com.ar\/index.php?rest_route=\/wp\/v2\/users\/1"}],"replies":[{"embeddable":true,"href":"https:\/\/somos.grupometropol.com.ar\/index.php?rest_route=%2Fwp%2Fv2%2Fcomments&post=334"}],"version-history":[{"count":51,"href":"https:\/\/somos.grupometropol.com.ar\/index.php?rest_route=\/wp\/v2\/pages\/334\/revisions"}],"predecessor-version":[{"id":1674,"href":"https:\/\/somos.grupometropol.com.ar\/index.php?rest_route=\/wp\/v2\/pages\/334\/revisions\/1674"}],"wp:attachment":[{"href":"https:\/\/somos.grupometropol.com.ar\/index.php?rest_route=%2Fwp%2Fv2%2Fmedia&parent=334"}],"curies":[{"name":"wp","href":"https:\/\/api.w.org\/{rel}","templated":true}]}}